{"id":5887,"date":"2023-10-10T14:11:50","date_gmt":"2023-10-10T12:11:50","guid":{"rendered":"https:\/\/www.supremeyachts.hr\/?page_id=5887"},"modified":"2023-10-20T22:53:29","modified_gmt":"2023-10-20T20:53:29","slug":"yacht-management","status":"publish","type":"page","link":"https:\/\/www.supremeyachts.hr\/en\/yacht-management\/","title":{"rendered":"Yacht management"},"content":{"rendered":"\t\t<div data-elementor-type=\"wp-page\" data-elementor-id=\"5887\" class=\"elementor elementor-5887\" data-elementor-post-type=\"page\">\n\t\t\t\t<div class=\"elementor-element elementor-element-5f50bbd e-con-full apl-intro e-flex e-con e-parent\" data-id=\"5f50bbd\" data-element_type=\"container\" data-e-type=\"container\" data-settings=\"{&quot;background_background&quot;:&quot;classic&quot;}\">\n\t\t<div class=\"elementor-element elementor-element-8577162 e-con-full e-flex e-con e-child\" data-id=\"8577162\" data-element_type=\"container\" data-e-type=\"container\">\n\t\t\t\t<div class=\"elementor-element elementor-element-0931a7a apl-intro-heading elementor-widget elementor-widget-heading\" data-id=\"0931a7a\" data-element_type=\"widget\" data-e-type=\"widget\" data-widget_type=\"heading.default\">\n\t\t\t\t<div class=\"elementor-widget-container\">\n\t\t\t\t\t<h2 class=\"elementor-heading-title elementor-size-default\">Yacht management<\/h2>\t\t\t\t<\/div>\n\t\t\t\t<\/div>\n\t\t\t\t<div class=\"elementor-element elementor-element-f44052f elementor-widget elementor-widget-heading\" data-id=\"f44052f\" data-element_type=\"widget\" data-e-type=\"widget\" data-widget_type=\"heading.default\">\n\t\t\t\t<div class=\"elementor-widget-container\">\n\t\t\t\t\t<h2 class=\"elementor-heading-title elementor-size-default\">POUZDANO UPRAVLJANJE, BEZBRI\u017dNA PLOVIDBA<\/h2>\t\t\t\t<\/div>\n\t\t\t\t<\/div>\n\t\t\t\t<\/div>\n\t\t\t\t<\/div>\n\t\t<div class=\"elementor-element elementor-element-cd5598b e-con-full e-flex e-con e-parent\" data-id=\"cd5598b\" data-element_type=\"container\" data-e-type=\"container\">\n\t\t<div class=\"elementor-element elementor-element-0685354 e-con-full e-flex e-con e-child\" data-id=\"0685354\" data-element_type=\"container\" data-e-type=\"container\">\n\t\t\t\t<div class=\"elementor-element elementor-element-143f1dc elementor-widget elementor-widget-image\" data-id=\"143f1dc\" data-element_type=\"widget\" data-e-type=\"widget\" data-widget_type=\"image.default\">\n\t\t\t\t<div class=\"elementor-widget-container\">\n\t\t\t\t\t\t\t\t\t\t\t\t\t\t\t<img fetchpriority=\"high\" decoding=\"async\" width=\"800\" height=\"450\" src=\"https:\/\/www.supremeyachts.hr\/wp-content\/uploads\/2023\/10\/ship-control-panel-with-steering-wheel-captain-bridge-1-1024x576.jpg\" class=\"attachment-large size-large wp-image-7349\" alt=\"\" srcset=\"https:\/\/www.supremeyachts.hr\/wp-content\/uploads\/2023\/10\/ship-control-panel-with-steering-wheel-captain-bridge-1-1024x576.jpg 1024w, https:\/\/www.supremeyachts.hr\/wp-content\/uploads\/2023\/10\/ship-control-panel-with-steering-wheel-captain-bridge-1-300x169.jpg 300w, https:\/\/www.supremeyachts.hr\/wp-content\/uploads\/2023\/10\/ship-control-panel-with-steering-wheel-captain-bridge-1-768x432.jpg 768w, https:\/\/www.supremeyachts.hr\/wp-content\/uploads\/2023\/10\/ship-control-panel-with-steering-wheel-captain-bridge-1-1536x864.jpg 1536w, https:\/\/www.supremeyachts.hr\/wp-content\/uploads\/2023\/10\/ship-control-panel-with-steering-wheel-captain-bridge-1-2048x1152.jpg 2048w, https:\/\/www.supremeyachts.hr\/wp-content\/uploads\/2023\/10\/ship-control-panel-with-steering-wheel-captain-bridge-1-600x337.jpg 600w\" sizes=\"(max-width: 800px) 100vw, 800px\" \/>\t\t\t\t\t\t\t\t\t\t\t\t\t\t\t<\/div>\n\t\t\t\t<\/div>\n\t\t\t\t<\/div>\n\t\t<div class=\"elementor-element elementor-element-1805c5a e-con-full e-flex e-con e-child\" data-id=\"1805c5a\" data-element_type=\"container\" data-e-type=\"container\">\n\t\t<div class=\"elementor-element elementor-element-8da685f e-con-full e-flex e-con e-child\" data-id=\"8da685f\" data-element_type=\"container\" data-e-type=\"container\">\n\t\t\t\t<div class=\"elementor-element elementor-element-7e5581c apl-title-lines elementor-widget elementor-widget-heading\" data-id=\"7e5581c\" data-element_type=\"widget\" data-e-type=\"widget\" data-widget_type=\"heading.default\">\n\t\t\t\t<div class=\"elementor-widget-container\">\n\t\t\t\t\t<h2 class=\"elementor-heading-title elementor-size-default\">MANAGEMENT<\/h2>\t\t\t\t<\/div>\n\t\t\t\t<\/div>\n\t\t\t\t<\/div>\n\t\t\t\t<div class=\"elementor-element elementor-element-358b4a7 elementor-widget elementor-widget-heading\" data-id=\"358b4a7\" data-element_type=\"widget\" data-e-type=\"widget\" data-widget_type=\"heading.default\">\n\t\t\t\t<div class=\"elementor-widget-container\">\n\t\t\t\t\t<h2 class=\"elementor-heading-title elementor-size-default\">Upravljanje jahtama i brodicama<\/h2>\t\t\t\t<\/div>\n\t\t\t\t<\/div>\n\t\t\t\t<div class=\"elementor-element elementor-element-4eff4ab elementor-widget elementor-widget-text-editor\" data-id=\"4eff4ab\" data-element_type=\"widget\" data-e-type=\"widget\" data-widget_type=\"text-editor.default\">\n\t\t\t\t<div class=\"elementor-widget-container\">\n\t\t\t\t\t\t\t\t\t<ul><li>koordinacija u pribavljanju svih potrebnih dozvola i odobrenja za vr\u0161enje \u010darter djelatnosti<\/li><li>prikupljanje ponuda i odabir marine za plovila<\/li><li>prikupljanje ponuda o odabir charter agencije<\/li><li>osigurati da plovilo ispunjava uvjete definirane va\u017ee\u0107im hrvatskim zakonima i propisima za vr\u0161enje \u010darter djelatnosti<\/li><li>nadzor na terenu uz min 6 posjeta plovilu godi\u0161nje<\/li><li>izrada izvje\u0161taja o poslovanju<\/li><\/ul>\t\t\t\t\t\t\t\t<\/div>\n\t\t\t\t<\/div>\n\t\t\t\t<div class=\"elementor-element elementor-element-198078d elementor-widget elementor-widget-heading\" data-id=\"198078d\" data-element_type=\"widget\" data-e-type=\"widget\" data-widget_type=\"heading.default\">\n\t\t\t\t<div class=\"elementor-widget-container\">\n\t\t\t\t\t<h2 class=\"elementor-heading-title elementor-size-default\">Charter management<\/h2>\t\t\t\t<\/div>\n\t\t\t\t<\/div>\n\t\t\t\t<div class=\"elementor-element elementor-element-2605b85 elementor-widget elementor-widget-text-editor\" data-id=\"2605b85\" data-element_type=\"widget\" data-e-type=\"widget\" data-widget_type=\"text-editor.default\">\n\t\t\t\t<div class=\"elementor-widget-container\">\n\t\t\t\t\t\t\t\t\t<ul><li>organizacija, koordinacija i kontrola rada charter agencije i njenog upravljanja sa plovilima<\/li><li>kontrola fiskalne odgovornosti<\/li><li>kontrola kvalitete odr\u017eavanja \u010disto\u0107e plovila<\/li><li>usluga naplate potra\u017eivanja od charter agencije<\/li><li>izrada izvje\u0161taja o poslovanju\u00a0<\/li><\/ul>\t\t\t\t\t\t\t\t<\/div>\n\t\t\t\t<\/div>\n\t\t\t\t<\/div>\n\t\t\t\t<\/div>\n\t\t<div class=\"elementor-element elementor-element-97c7214 e-con-full e-flex e-con e-parent\" data-id=\"97c7214\" data-element_type=\"container\" data-e-type=\"container\">\n\t\t<div class=\"elementor-element elementor-element-6f4627d e-con-full e-flex e-con e-child\" data-id=\"6f4627d\" data-element_type=\"container\" data-e-type=\"container\">\n\t\t\t\t<div class=\"elementor-element elementor-element-b051e7c apl-title-lines elementor-widget elementor-widget-heading\" data-id=\"b051e7c\" data-element_type=\"widget\" data-e-type=\"widget\" data-widget_type=\"heading.default\">\n\t\t\t\t<div class=\"elementor-widget-container\">\n\t\t\t\t\t<h2 class=\"elementor-heading-title elementor-size-default\">MANAGEMENT<\/h2>\t\t\t\t<\/div>\n\t\t\t\t<\/div>\n\t\t\t\t<\/div>\n\t\t\t\t<div class=\"elementor-element elementor-element-3d078de elementor-widget elementor-widget-heading\" data-id=\"3d078de\" data-element_type=\"widget\" data-e-type=\"widget\" data-widget_type=\"heading.default\">\n\t\t\t\t<div class=\"elementor-widget-container\">\n\t\t\t\t\t<h2 class=\"elementor-heading-title elementor-size-default\">Refit projekt management<\/h2>\t\t\t\t<\/div>\n\t\t\t\t<\/div>\n\t\t\t\t<div class=\"elementor-element elementor-element-cc7065e elementor-widget elementor-widget-text-editor\" data-id=\"cc7065e\" data-element_type=\"widget\" data-e-type=\"widget\" data-widget_type=\"text-editor.default\">\n\t\t\t\t<div class=\"elementor-widget-container\">\n\t\t\t\t\t\t\t\t\t<ul><li>pregled i pregovaranje o ugovornim uvjetima popravka plovila<\/li><li>odabir dobavlja\u010da za popravka plovila i nabavu dijelova<\/li><li>koordinacija i nadgledanja specifikacije potrebnih radova i ugradnje dijelova<\/li><li>nadzor na terenu radova u brodogradili\u0161tu koji su u tijeku<\/li><li>pra\u0107enje kvalitete izvedenih radova<\/li><li>pra\u0107enje rokova popravka u odnosu na dogovoreni datum zavr\u0161etka<\/li><li>izrada izvje\u0161taja o poslovanju<\/li><\/ul>\t\t\t\t\t\t\t\t<\/div>\n\t\t\t\t<\/div>\n\t\t\t\t<\/div>\n\t\t<div class=\"elementor-element elementor-element-ac31a4a e-con-full e-flex e-con e-parent\" data-id=\"ac31a4a\" data-element_type=\"container\" data-e-type=\"container\" data-settings=\"{&quot;background_background&quot;:&quot;classic&quot;}\">\n\t\t\t\t<\/div>\n\t\t<div class=\"elementor-element elementor-element-4a00565 e-con-full e-flex e-con e-parent\" data-id=\"4a00565\" data-element_type=\"container\" data-e-type=\"container\">\n\t\t<div class=\"elementor-element elementor-element-fddb660 e-con-full e-flex e-con e-child\" data-id=\"fddb660\" data-element_type=\"container\" data-e-type=\"container\">\n\t\t\t\t<div class=\"elementor-element elementor-element-5c83c54 apl-title-lines elementor-widget elementor-widget-heading\" data-id=\"5c83c54\" data-element_type=\"widget\" data-e-type=\"widget\" data-widget_type=\"heading.default\">\n\t\t\t\t<div class=\"elementor-widget-container\">\n\t\t\t\t\t<h2 class=\"elementor-heading-title elementor-size-default\">OSIGURANJA<\/h2>\t\t\t\t<\/div>\n\t\t\t\t<\/div>\n\t\t\t\t<\/div>\n\t\t\t\t<div class=\"elementor-element elementor-element-e7e3ac7 elementor-widget elementor-widget-heading\" data-id=\"e7e3ac7\" data-element_type=\"widget\" data-e-type=\"widget\" data-widget_type=\"heading.default\">\n\t\t\t\t<div class=\"elementor-widget-container\">\n\t\t\t\t\t<h2 class=\"elementor-heading-title elementor-size-default\">Osiguranja<\/h2>\t\t\t\t<\/div>\n\t\t\t\t<\/div>\n\t\t\t\t<div class=\"elementor-element elementor-element-dd424d5 elementor-widget elementor-widget-text-editor\" data-id=\"dd424d5\" data-element_type=\"widget\" data-e-type=\"widget\" data-widget_type=\"text-editor.default\">\n\t\t\t\t<div class=\"elementor-widget-container\">\n\t\t\t\t\t\t\t\t\t<ul><li>prikupljanje ponuda i odabir najkonkurentnije police osiguranja sa sveobuhvatnim pokri\u0107ima rizika za plovilo i vlasnika<\/li><li>pra\u0107enje isteka polica<\/li><li>organizacija i koordinacija prijave i naplate \u0161teta\u00a0<\/li><\/ul>\t\t\t\t\t\t\t\t<\/div>\n\t\t\t\t<\/div>\n\t\t\t\t<\/div>\n\t\t<div class=\"elementor-element elementor-element-79ce420 e-con-full e-flex e-con e-parent\" data-id=\"79ce420\" data-element_type=\"container\" data-e-type=\"container\">\n\t\t<div class=\"elementor-element elementor-element-45267f0 e-con-full e-flex e-con e-child\" data-id=\"45267f0\" data-element_type=\"container\" data-e-type=\"container\">\n\t\t\t\t<div class=\"elementor-element elementor-element-417ba19 apl-title-lines elementor-widget elementor-widget-heading\" data-id=\"417ba19\" data-element_type=\"widget\" data-e-type=\"widget\" data-widget_type=\"heading.default\">\n\t\t\t\t<div class=\"elementor-widget-container\">\n\t\t\t\t\t<h2 class=\"elementor-heading-title elementor-size-default\">MANAGEMENT<\/h2>\t\t\t\t<\/div>\n\t\t\t\t<\/div>\n\t\t\t\t<\/div>\n\t\t\t\t<div class=\"elementor-element elementor-element-0d6c9c1 elementor-widget elementor-widget-heading\" data-id=\"0d6c9c1\" data-element_type=\"widget\" data-e-type=\"widget\" data-widget_type=\"heading.default\">\n\t\t\t\t<div class=\"elementor-widget-container\">\n\t\t\t\t\t<h2 class=\"elementor-heading-title elementor-size-default\">Buy \/ Sales management<\/h2>\t\t\t\t<\/div>\n\t\t\t\t<\/div>\n\t\t\t\t<div class=\"elementor-element elementor-element-be37a10 elementor-widget elementor-widget-text-editor\" data-id=\"be37a10\" data-element_type=\"widget\" data-e-type=\"widget\" data-widget_type=\"text-editor.default\">\n\t\t\t\t<div class=\"elementor-widget-container\">\n\t\t\t\t\t\t\t\t\t<ul><li>kupi\/prodaj savjetovanje<\/li><li>prikupljanje ponuda za nova i\/ili rabljena plovila<\/li><li>postavljanje prodaje rabljenih plovila na tr\u017ei\u0161te<\/li><li>pregovaranja i organizacija cijelog prodajnog procesa plovila sa kupcem<\/li><\/ul>\t\t\t\t\t\t\t\t<\/div>\n\t\t\t\t<\/div>\n\t\t\t\t<\/div>\n\t\t<div class=\"elementor-element elementor-element-20a549a e-con-full e-flex e-con e-parent\" data-id=\"20a549a\" data-element_type=\"container\" data-e-type=\"container\" data-settings=\"{&quot;background_background&quot;:&quot;classic&quot;}\">\n\t\t<div class=\"elementor-element elementor-element-ecebfb3 e-con-full e-flex e-con e-child\" data-id=\"ecebfb3\" data-element_type=\"container\" data-e-type=\"container\" data-settings=\"{&quot;background_background&quot;:&quot;classic&quot;}\">\n\t\t\t\t<div class=\"elementor-element elementor-element-ebbc083 elementor-widget elementor-widget-heading\" data-id=\"ebbc083\" data-element_type=\"widget\" data-e-type=\"widget\" data-widget_type=\"heading.default\">\n\t\t\t\t<div class=\"elementor-widget-container\">\n\t\t\t\t\t<h2 class=\"elementor-heading-title elementor-size-default\">Po\u0161aljite upit<\/h2>\t\t\t\t<\/div>\n\t\t\t\t<\/div>\n\t\t\t\t<div class=\"elementor-element elementor-element-61f4aef elementor-button-align-stretch elementor-widget elementor-widget-form\" data-id=\"61f4aef\" data-element_type=\"widget\" data-e-type=\"widget\" data-settings=\"{&quot;step_next_label&quot;:&quot;Next&quot;,&quot;step_previous_label&quot;:&quot;Previous&quot;,&quot;button_width&quot;:&quot;100&quot;,&quot;step_type&quot;:&quot;number_text&quot;,&quot;step_icon_shape&quot;:&quot;circle&quot;}\" data-widget_type=\"form.default\">\n\t\t\t\t<div class=\"elementor-widget-container\">\n\t\t\t\t\t\t\t<form class=\"elementor-form\" method=\"post\" name=\"New Form\" aria-label=\"New Form\">\n\t\t\t<input type=\"hidden\" name=\"post_id\" value=\"5887\"\/>\n\t\t\t<input type=\"hidden\" name=\"form_id\" value=\"61f4aef\"\/>\n\t\t\t<input type=\"hidden\" name=\"referer_title\" value=\"Yacht management\" \/>\n\n\t\t\t\t\t\t\t<input type=\"hidden\" name=\"queried_id\" value=\"5887\"\/>\n\t\t\t\n\t\t\t<div class=\"elementor-form-fields-wrapper elementor-labels-above\">\n\t\t\t\t\t\t\t\t<div class=\"elementor-field-type-text elementor-field-group elementor-column elementor-field-group-name elementor-col-100 elementor-field-required\">\n\t\t\t\t\t\t\t\t\t\t\t\t<label for=\"form-field-name\" class=\"elementor-field-label\">\n\t\t\t\t\t\t\t\tIME I PREZIME\t\t\t\t\t\t\t<\/label>\n\t\t\t\t\t\t\t\t\t\t\t\t\t\t<input size=\"1\" type=\"text\" name=\"form_fields[name]\" id=\"form-field-name\" class=\"elementor-field elementor-size-sm  elementor-field-textual\" required=\"required\">\n\t\t\t\t\t\t\t\t\t\t\t<\/div>\n\t\t\t\t\t\t\t\t<div class=\"elementor-field-type-text elementor-field-group elementor-column elementor-field-group-field_49a7a14 elementor-col-100 elementor-field-required\">\n\t\t\t\t\t\t\t\t\t\t\t\t<label for=\"form-field-field_49a7a14\" class=\"elementor-field-label\">\n\t\t\t\t\t\t\t\tKONTAKT BROJ\t\t\t\t\t\t\t<\/label>\n\t\t\t\t\t\t\t\t\t\t\t\t\t\t<input size=\"1\" type=\"text\" name=\"form_fields[field_49a7a14]\" id=\"form-field-field_49a7a14\" class=\"elementor-field elementor-size-sm  elementor-field-textual\" required=\"required\">\n\t\t\t\t\t\t\t\t\t\t\t<\/div>\n\t\t\t\t\t\t\t\t<div class=\"elementor-field-type-email elementor-field-group elementor-column elementor-field-group-email elementor-col-100 elementor-field-required\">\n\t\t\t\t\t\t\t\t\t\t\t\t<label for=\"form-field-email\" class=\"elementor-field-label\">\n\t\t\t\t\t\t\t\tE-MAIL ADRESA\t\t\t\t\t\t\t<\/label>\n\t\t\t\t\t\t\t\t\t\t\t\t\t\t<input size=\"1\" type=\"email\" name=\"form_fields[email]\" id=\"form-field-email\" class=\"elementor-field elementor-size-sm  elementor-field-textual\" required=\"required\">\n\t\t\t\t\t\t\t\t\t\t\t<\/div>\n\t\t\t\t\t\t\t\t<div class=\"elementor-field-type-textarea elementor-field-group elementor-column elementor-field-group-message elementor-col-100\">\n\t\t\t\t\t\t\t\t\t\t\t\t<label for=\"form-field-message\" class=\"elementor-field-label\">\n\t\t\t\t\t\t\t\tVA\u0160A PORUKA\t\t\t\t\t\t\t<\/label>\n\t\t\t\t\t\t<textarea class=\"elementor-field-textual elementor-field  elementor-size-sm\" name=\"form_fields[message]\" id=\"form-field-message\" rows=\"4\"><\/textarea>\t\t\t\t<\/div>\n\t\t\t\t\t\t\t\t<div class=\"elementor-field-type-acceptance elementor-field-group elementor-column elementor-field-group-field_ac53a38 elementor-col-100\">\n\t\t\t\t\t\t\t<div class=\"elementor-field-subgroup\">\n\t\t\t<span class=\"elementor-field-option\">\n\t\t\t\t<input type=\"checkbox\" name=\"form_fields[field_ac53a38]\" id=\"form-field-field_ac53a38\" class=\"elementor-field elementor-size-sm  elementor-acceptance-field\">\n\t\t\t\t<label for=\"form-field-field_ac53a38\">Sukladno GDPR-u dajem privolu za prikupljanje mojih podataka u svrhu komunikacije sa Supreme yachts. Vi\u0161e o \u010duvanju Va\u0161ih podataka mo\u017eete pro\u010ditati <a href=\"\/pravilnik-privatnosti\/\";>ovdje.<\/a><\/label>\t\t\t<\/span>\n\t\t<\/div>\n\t\t\t\t\t\t<\/div>\n\t\t\t\t\t\t\t\t<div class=\"elementor-field-type-text\">\n\t\t\t\t\t<input size=\"1\" type=\"text\" name=\"form_fields[field_f12a3ab]\" id=\"form-field-field_f12a3ab\" class=\"elementor-field elementor-size-sm \" style=\"display:none !important;\">\t\t\t\t<\/div>\n\t\t\t\t\t\t\t\t<div class=\"elementor-field-type-recaptcha elementor-field-group elementor-column elementor-field-group-field_4494b87 elementor-col-100\">\n\t\t\t\t\t<div class=\"elementor-field\" id=\"form-field-field_4494b87\"><div class=\"elementor-g-recaptcha\" data-sitekey=\"6LfHvLgoAAAAAFTqbrGMDS4C-txKTO944kt-NEex\" data-type=\"v2_checkbox\" data-theme=\"light\" data-size=\"normal\"><\/div><\/div>\t\t\t\t<\/div>\n\t\t\t\t\t\t\t\t<div class=\"elementor-field-group elementor-column elementor-field-type-submit elementor-col-100 e-form__buttons\">\n\t\t\t\t\t<button class=\"elementor-button elementor-size-sm\" type=\"submit\">\n\t\t\t\t\t\t<span class=\"elementor-button-content-wrapper\">\n\t\t\t\t\t\t\t\t\t\t\t\t\t\t\t\t\t\t\t\t\t\t<span class=\"elementor-button-text\">Po\u0161alji<\/span>\n\t\t\t\t\t\t\t\t\t\t\t\t\t<\/span>\n\t\t\t\t\t<\/button>\n\t\t\t\t<\/div>\n\t\t\t<\/div>\n\t\t<\/form>\n\t\t\t\t\t\t<\/div>\n\t\t\t\t<\/div>\n\t\t\t\t<\/div>\n\t\t\t\t<\/div>\n\t\t\t\t<\/div>\n\t\t","protected":false},"excerpt":{"rendered":"<p>Yacht management POUZDANO UPRAVLJANJE, BEZBRI\u017dNA PLOVIDBA MANAGEMENT Upravljanje jahtama i brodicama koordinacija u pribavljanju svih potrebnih dozvola i odobrenja za vr\u0161enje \u010darter djelatnosti prikupljanje ponuda i odabir marine za plovila prikupljanje ponuda o odabir charter agencije osigurati da plovilo ispunjava uvjete definirane va\u017ee\u0107im hrvatskim zakonima i propisima za vr\u0161enje \u010darter djelatnosti nadzor na terenu uz [&hellip;]<\/p>\n","protected":false},"author":1,"featured_media":0,"parent":0,"menu_order":0,"comment_status":"closed","ping_status":"closed","template":"","meta":{"_acf_changed":false,"footnotes":""},"class_list":["post-5887","page","type-page","status-publish","hentry"],"acf":[],"jetpack_sharing_enabled":true,"_links":{"self":[{"href":"https:\/\/www.supremeyachts.hr\/en\/wp-json\/wp\/v2\/pages\/5887","targetHints":{"allow":["GET"]}}],"collection":[{"href":"https:\/\/www.supremeyachts.hr\/en\/wp-json\/wp\/v2\/pages"}],"about":[{"href":"https:\/\/www.supremeyachts.hr\/en\/wp-json\/wp\/v2\/types\/page"}],"author":[{"embeddable":true,"href":"https:\/\/www.supremeyachts.hr\/en\/wp-json\/wp\/v2\/users\/1"}],"replies":[{"embeddable":true,"href":"https:\/\/www.supremeyachts.hr\/en\/wp-json\/wp\/v2\/comments?post=5887"}],"version-history":[{"count":0,"href":"https:\/\/www.supremeyachts.hr\/en\/wp-json\/wp\/v2\/pages\/5887\/revisions"}],"wp:attachment":[{"href":"https:\/\/www.supremeyachts.hr\/en\/wp-json\/wp\/v2\/media?parent=5887"}],"curies":[{"name":"wp","href":"https:\/\/api.w.org\/{rel}","templated":true}]}}