{"id":5973,"date":"2023-10-10T15:03:20","date_gmt":"2023-10-10T13:03:20","guid":{"rendered":"https:\/\/www.supremeyachts.hr\/?page_id=5973"},"modified":"2023-10-20T23:16:35","modified_gmt":"2023-10-20T21:16:35","slug":"osiguranje","status":"publish","type":"page","link":"https:\/\/www.supremeyachts.hr\/en\/osiguranje\/","title":{"rendered":"Insurance"},"content":{"rendered":"\t\t<div data-elementor-type=\"wp-page\" data-elementor-id=\"5973\" class=\"elementor elementor-5973\" data-elementor-post-type=\"page\">\n\t\t\t\t<div class=\"elementor-element elementor-element-3137e43 e-con-full apl-intro e-flex e-con e-parent\" data-id=\"3137e43\" data-element_type=\"container\" data-e-type=\"container\" data-settings=\"{&quot;background_background&quot;:&quot;classic&quot;}\">\n\t\t<div class=\"elementor-element elementor-element-56563f1 e-con-full e-flex e-con e-child\" data-id=\"56563f1\" data-element_type=\"container\" data-e-type=\"container\">\n\t\t\t\t<div class=\"elementor-element elementor-element-da61897 apl-intro-heading elementor-widget elementor-widget-heading\" data-id=\"da61897\" data-element_type=\"widget\" data-e-type=\"widget\" data-widget_type=\"heading.default\">\n\t\t\t\t<div class=\"elementor-widget-container\">\n\t\t\t\t\t<h2 class=\"elementor-heading-title elementor-size-default\">Osiguranje<\/h2>\t\t\t\t<\/div>\n\t\t\t\t<\/div>\n\t\t\t\t<div class=\"elementor-element elementor-element-7106e9f elementor-widget elementor-widget-heading\" data-id=\"7106e9f\" data-element_type=\"widget\" data-e-type=\"widget\" data-widget_type=\"heading.default\">\n\t\t\t\t<div class=\"elementor-widget-container\">\n\t\t\t\t\t<h2 class=\"elementor-heading-title elementor-size-default\">NADMA\u0160UJEMO RIZIKE, \u010cUVAMO VA\u0160U SIGURNOST<\/h2>\t\t\t\t<\/div>\n\t\t\t\t<\/div>\n\t\t\t\t<\/div>\n\t\t\t\t<\/div>\n\t\t<div class=\"elementor-element elementor-element-ccc0da4 e-con-full e-flex e-con e-parent\" data-id=\"ccc0da4\" data-element_type=\"container\" data-e-type=\"container\">\n\t\t<div class=\"elementor-element elementor-element-608dfd9 e-con-full e-flex e-con e-child\" data-id=\"608dfd9\" data-element_type=\"container\" data-e-type=\"container\">\n\t\t\t\t<div class=\"elementor-element elementor-element-f4489eb elementor-widget elementor-widget-image\" data-id=\"f4489eb\" data-element_type=\"widget\" data-e-type=\"widget\" data-widget_type=\"image.default\">\n\t\t\t\t<div class=\"elementor-widget-container\">\n\t\t\t\t\t\t\t\t\t\t\t\t\t\t\t<img fetchpriority=\"high\" decoding=\"async\" width=\"679\" height=\"779\" src=\"https:\/\/www.supremeyachts.hr\/wp-content\/uploads\/2023\/10\/children-board-sea-yacht-teen-child-girls-outdoor-colorful-clothes-kids-fashion-sunny-summer-river-holidays-concepts-1-1.png\" class=\"attachment-large size-large wp-image-5995\" alt=\"\" srcset=\"https:\/\/www.supremeyachts.hr\/wp-content\/uploads\/2023\/10\/children-board-sea-yacht-teen-child-girls-outdoor-colorful-clothes-kids-fashion-sunny-summer-river-holidays-concepts-1-1.png 679w, https:\/\/www.supremeyachts.hr\/wp-content\/uploads\/2023\/10\/children-board-sea-yacht-teen-child-girls-outdoor-colorful-clothes-kids-fashion-sunny-summer-river-holidays-concepts-1-1-261x300.png 261w, https:\/\/www.supremeyachts.hr\/wp-content\/uploads\/2023\/10\/children-board-sea-yacht-teen-child-girls-outdoor-colorful-clothes-kids-fashion-sunny-summer-river-holidays-concepts-1-1-600x688.png 600w\" sizes=\"(max-width: 679px) 100vw, 679px\" \/>\t\t\t\t\t\t\t\t\t\t\t\t\t\t\t<\/div>\n\t\t\t\t<\/div>\n\t\t\t\t<\/div>\n\t\t<div class=\"elementor-element elementor-element-d07a648 e-con-full e-flex e-con e-child\" data-id=\"d07a648\" data-element_type=\"container\" data-e-type=\"container\">\n\t\t<div class=\"elementor-element elementor-element-b31fc32 e-con-full e-flex e-con e-child\" data-id=\"b31fc32\" data-element_type=\"container\" data-e-type=\"container\">\n\t\t\t\t<div class=\"elementor-element elementor-element-0bed06d apl-title-lines elementor-widget elementor-widget-heading\" data-id=\"0bed06d\" data-element_type=\"widget\" data-e-type=\"widget\" data-widget_type=\"heading.default\">\n\t\t\t\t<div class=\"elementor-widget-container\">\n\t\t\t\t\t<h2 class=\"elementor-heading-title elementor-size-default\">OSIGURANJE<\/h2>\t\t\t\t<\/div>\n\t\t\t\t<\/div>\n\t\t\t\t<\/div>\n\t\t\t\t<div class=\"elementor-element elementor-element-613d23b elementor-widget elementor-widget-heading\" data-id=\"613d23b\" data-element_type=\"widget\" data-e-type=\"widget\" data-widget_type=\"heading.default\">\n\t\t\t\t<div class=\"elementor-widget-container\">\n\t\t\t\t\t<h2 class=\"elementor-heading-title elementor-size-default\">Sigurnost u poslovanju\n<\/h2>\t\t\t\t<\/div>\n\t\t\t\t<\/div>\n\t\t\t\t<div class=\"elementor-element elementor-element-6e029a0 elementor-widget elementor-widget-text-editor\" data-id=\"6e029a0\" data-element_type=\"widget\" data-e-type=\"widget\" data-widget_type=\"text-editor.default\">\n\t\t\t\t<div class=\"elementor-widget-container\">\n\t\t\t\t\t\t\t\t\t<p>Odgovorno upravljanje poslovanjem u dana\u0161nje vrijeme zahtijeva dodatne napore u uskla\u0111ivanju tro\u0161kova i najvi\u0161eg mogu\u0107eg standarda sigurnosti za poduze\u0107e i poslovanje, ali i za zaposlenike.<\/p><p>S ja\u010danjem konkurencije i sve ve\u0107im zahtjevima tr\u017ei\u0161ta \u2013\u00a0<strong>pouzdan i sna\u017ean partner va\u017ean je oslonac.<\/strong><\/p><p>Bilo da ste mali ili veliki poduzetnik,<strong>\u00a0sigurnost Va\u0161eg poslovanja jednako je va\u017ena,<\/strong>\u00a0stoga u odabiru osiguranja birajte<strong>\u00a0proizvod koji mo\u017eete kreirati po vlastitim potrebama i rizicima kojima je Va\u0161e poslovanje izlo\u017eeno i osiguravatelja koji brzo rje\u0161ava od\u0161tetne zahtjeve<\/strong>\u00a0kako bi, u slu\u010daju \u0161tete,\u00a0<strong>prekid<\/strong>\u00a0Va\u0161eg\u00a0<strong>poslovanja bio \u0161to kra\u0107i<\/strong>, a time i<strong>\u00a0financijski gubitci manji.<\/strong><\/p>\t\t\t\t\t\t\t\t<\/div>\n\t\t\t\t<\/div>\n\t\t\t\t<\/div>\n\t\t\t\t<\/div>\n\t\t<div class=\"elementor-element elementor-element-fa1c864 e-con-full e-flex e-con e-parent\" data-id=\"fa1c864\" data-element_type=\"container\" data-e-type=\"container\" data-settings=\"{&quot;background_background&quot;:&quot;classic&quot;}\">\n\t\t<div class=\"elementor-element elementor-element-5f4bf7f e-con-full e-flex e-con e-child\" data-id=\"5f4bf7f\" data-element_type=\"container\" data-e-type=\"container\" data-settings=\"{&quot;background_background&quot;:&quot;classic&quot;}\">\n\t\t\t\t<div class=\"elementor-element elementor-element-1f9a3d7 elementor-widget elementor-widget-heading\" data-id=\"1f9a3d7\" data-element_type=\"widget\" data-e-type=\"widget\" data-widget_type=\"heading.default\">\n\t\t\t\t<div class=\"elementor-widget-container\">\n\t\t\t\t\t<h2 class=\"elementor-heading-title elementor-size-default\">Po\u0161aljite upit<\/h2>\t\t\t\t<\/div>\n\t\t\t\t<\/div>\n\t\t\t\t<div class=\"elementor-element elementor-element-a46c05c elementor-button-align-stretch elementor-widget elementor-widget-form\" data-id=\"a46c05c\" data-element_type=\"widget\" data-e-type=\"widget\" data-settings=\"{&quot;step_next_label&quot;:&quot;Next&quot;,&quot;step_previous_label&quot;:&quot;Previous&quot;,&quot;button_width&quot;:&quot;100&quot;,&quot;step_type&quot;:&quot;number_text&quot;,&quot;step_icon_shape&quot;:&quot;circle&quot;}\" data-widget_type=\"form.default\">\n\t\t\t\t<div class=\"elementor-widget-container\">\n\t\t\t\t\t\t\t<form class=\"elementor-form\" method=\"post\" name=\"New Form\" aria-label=\"New Form\">\n\t\t\t<input type=\"hidden\" name=\"post_id\" value=\"5973\"\/>\n\t\t\t<input type=\"hidden\" name=\"form_id\" value=\"a46c05c\"\/>\n\t\t\t<input type=\"hidden\" name=\"referer_title\" value=\"Osiguranje\" \/>\n\n\t\t\t\t\t\t\t<input type=\"hidden\" name=\"queried_id\" value=\"5973\"\/>\n\t\t\t\n\t\t\t<div class=\"elementor-form-fields-wrapper elementor-labels-above\">\n\t\t\t\t\t\t\t\t<div class=\"elementor-field-type-text elementor-field-group elementor-column elementor-field-group-name elementor-col-100 elementor-field-required\">\n\t\t\t\t\t\t\t\t\t\t\t\t<label for=\"form-field-name\" class=\"elementor-field-label\">\n\t\t\t\t\t\t\t\tIME I PREZIME\t\t\t\t\t\t\t<\/label>\n\t\t\t\t\t\t\t\t\t\t\t\t\t\t<input size=\"1\" type=\"text\" name=\"form_fields[name]\" id=\"form-field-name\" class=\"elementor-field elementor-size-sm  elementor-field-textual\" required=\"required\">\n\t\t\t\t\t\t\t\t\t\t\t<\/div>\n\t\t\t\t\t\t\t\t<div class=\"elementor-field-type-text elementor-field-group elementor-column elementor-field-group-field_49a7a14 elementor-col-100 elementor-field-required\">\n\t\t\t\t\t\t\t\t\t\t\t\t<label for=\"form-field-field_49a7a14\" class=\"elementor-field-label\">\n\t\t\t\t\t\t\t\tKONTAKT BROJ\t\t\t\t\t\t\t<\/label>\n\t\t\t\t\t\t\t\t\t\t\t\t\t\t<input size=\"1\" type=\"text\" name=\"form_fields[field_49a7a14]\" id=\"form-field-field_49a7a14\" class=\"elementor-field elementor-size-sm  elementor-field-textual\" required=\"required\">\n\t\t\t\t\t\t\t\t\t\t\t<\/div>\n\t\t\t\t\t\t\t\t<div class=\"elementor-field-type-email elementor-field-group elementor-column elementor-field-group-email elementor-col-100 elementor-field-required\">\n\t\t\t\t\t\t\t\t\t\t\t\t<label for=\"form-field-email\" class=\"elementor-field-label\">\n\t\t\t\t\t\t\t\tE-MAIL ADRESA\t\t\t\t\t\t\t<\/label>\n\t\t\t\t\t\t\t\t\t\t\t\t\t\t<input size=\"1\" type=\"email\" name=\"form_fields[email]\" id=\"form-field-email\" class=\"elementor-field elementor-size-sm  elementor-field-textual\" required=\"required\">\n\t\t\t\t\t\t\t\t\t\t\t<\/div>\n\t\t\t\t\t\t\t\t<div class=\"elementor-field-type-textarea elementor-field-group elementor-column elementor-field-group-message elementor-col-100\">\n\t\t\t\t\t\t\t\t\t\t\t\t<label for=\"form-field-message\" class=\"elementor-field-label\">\n\t\t\t\t\t\t\t\tVA\u0160A PORUKA\t\t\t\t\t\t\t<\/label>\n\t\t\t\t\t\t<textarea class=\"elementor-field-textual elementor-field  elementor-size-sm\" name=\"form_fields[message]\" id=\"form-field-message\" rows=\"4\"><\/textarea>\t\t\t\t<\/div>\n\t\t\t\t\t\t\t\t<div class=\"elementor-field-type-acceptance elementor-field-group elementor-column elementor-field-group-field_ac53a38 elementor-col-100\">\n\t\t\t\t\t\t\t<div class=\"elementor-field-subgroup\">\n\t\t\t<span class=\"elementor-field-option\">\n\t\t\t\t<input type=\"checkbox\" name=\"form_fields[field_ac53a38]\" id=\"form-field-field_ac53a38\" class=\"elementor-field elementor-size-sm  elementor-acceptance-field\">\n\t\t\t\t<label for=\"form-field-field_ac53a38\">Sukladno GDPR-u dajem privolu za prikupljanje mojih podataka u svrhu komunikacije sa Supreme yachts. Vi\u0161e o \u010duvanju Va\u0161ih podataka mo\u017eete pro\u010ditati <a href=\"\/pravilnik-privatnosti\/\";>ovdje.<\/a><\/label>\t\t\t<\/span>\n\t\t<\/div>\n\t\t\t\t\t\t<\/div>\n\t\t\t\t\t\t\t\t<div class=\"elementor-field-type-recaptcha elementor-field-group elementor-column elementor-field-group-field_8d668ac elementor-col-100\">\n\t\t\t\t\t<div class=\"elementor-field\" id=\"form-field-field_8d668ac\"><div class=\"elementor-g-recaptcha\" data-sitekey=\"6LfHvLgoAAAAAFTqbrGMDS4C-txKTO944kt-NEex\" data-type=\"v2_checkbox\" data-theme=\"light\" data-size=\"normal\"><\/div><\/div>\t\t\t\t<\/div>\n\t\t\t\t\t\t\t\t<div class=\"elementor-field-type-text\">\n\t\t\t\t\t<input size=\"1\" type=\"text\" name=\"form_fields[field_76b4b66]\" id=\"form-field-field_76b4b66\" class=\"elementor-field elementor-size-sm \" style=\"display:none !important;\">\t\t\t\t<\/div>\n\t\t\t\t\t\t\t\t<div class=\"elementor-field-group elementor-column elementor-field-type-submit elementor-col-100 e-form__buttons\">\n\t\t\t\t\t<button class=\"elementor-button elementor-size-sm\" type=\"submit\">\n\t\t\t\t\t\t<span class=\"elementor-button-content-wrapper\">\n\t\t\t\t\t\t\t\t\t\t\t\t\t\t\t\t\t\t\t\t\t\t<span class=\"elementor-button-text\">Po\u0161alji<\/span>\n\t\t\t\t\t\t\t\t\t\t\t\t\t<\/span>\n\t\t\t\t\t<\/button>\n\t\t\t\t<\/div>\n\t\t\t<\/div>\n\t\t<\/form>\n\t\t\t\t\t\t<\/div>\n\t\t\t\t<\/div>\n\t\t\t\t<\/div>\n\t\t\t\t<\/div>\n\t\t\t\t<\/div>\n\t\t","protected":false},"excerpt":{"rendered":"<p>Osiguranje NADMA\u0160UJEMO RIZIKE, \u010cUVAMO VA\u0160U SIGURNOST OSIGURANJE Sigurnost u poslovanju Odgovorno upravljanje poslovanjem u dana\u0161nje vrijeme zahtijeva dodatne napore u uskla\u0111ivanju tro\u0161kova i najvi\u0161eg mogu\u0107eg standarda sigurnosti za poduze\u0107e i poslovanje, ali i za zaposlenike. S ja\u010danjem konkurencije i sve ve\u0107im zahtjevima tr\u017ei\u0161ta \u2013\u00a0pouzdan i sna\u017ean partner va\u017ean je oslonac. Bilo da ste mali ili [&hellip;]<\/p>\n","protected":false},"author":1,"featured_media":0,"parent":0,"menu_order":0,"comment_status":"closed","ping_status":"closed","template":"","meta":{"_acf_changed":false,"footnotes":""},"class_list":["post-5973","page","type-page","status-publish","hentry"],"acf":[],"jetpack_sharing_enabled":true,"_links":{"self":[{"href":"https:\/\/www.supremeyachts.hr\/en\/wp-json\/wp\/v2\/pages\/5973","targetHints":{"allow":["GET"]}}],"collection":[{"href":"https:\/\/www.supremeyachts.hr\/en\/wp-json\/wp\/v2\/pages"}],"about":[{"href":"https:\/\/www.supremeyachts.hr\/en\/wp-json\/wp\/v2\/types\/page"}],"author":[{"embeddable":true,"href":"https:\/\/www.supremeyachts.hr\/en\/wp-json\/wp\/v2\/users\/1"}],"replies":[{"embeddable":true,"href":"https:\/\/www.supremeyachts.hr\/en\/wp-json\/wp\/v2\/comments?post=5973"}],"version-history":[{"count":0,"href":"https:\/\/www.supremeyachts.hr\/en\/wp-json\/wp\/v2\/pages\/5973\/revisions"}],"wp:attachment":[{"href":"https:\/\/www.supremeyachts.hr\/en\/wp-json\/wp\/v2\/media?parent=5973"}],"curies":[{"name":"wp","href":"https:\/\/api.w.org\/{rel}","templated":true}]}}