{"id":8768,"date":"2023-10-19T08:52:58","date_gmt":"2023-10-19T06:52:58","guid":{"rendered":"https:\/\/www.supremeyachts.hr\/?page_id=8768"},"modified":"2023-11-06T14:00:30","modified_gmt":"2023-11-06T13:00:30","slug":"supreme-yacht-invest","status":"publish","type":"page","link":"https:\/\/www.supremeyachts.hr\/en\/supreme-yacht-invest\/","title":{"rendered":"Supreme Yacht Invest"},"content":{"rendered":"\t\t<div data-elementor-type=\"wp-page\" data-elementor-id=\"8768\" class=\"elementor elementor-8768\" data-elementor-post-type=\"page\">\n\t\t\t\t<div class=\"elementor-element elementor-element-8ef840f e-con-full apl-intro e-flex e-con e-parent\" data-id=\"8ef840f\" data-element_type=\"container\" data-e-type=\"container\" data-settings=\"{&quot;background_background&quot;:&quot;classic&quot;}\">\n\t\t<div class=\"elementor-element elementor-element-2733d47 e-con-full e-flex e-con e-child\" data-id=\"2733d47\" data-element_type=\"container\" data-e-type=\"container\">\n\t\t\t\t<div class=\"elementor-element elementor-element-d5e6caf apl-intro-heading elementor-widget elementor-widget-heading\" data-id=\"d5e6caf\" data-element_type=\"widget\" data-e-type=\"widget\" data-widget_type=\"heading.default\">\n\t\t\t\t<div class=\"elementor-widget-container\">\n\t\t\t\t\t<h1 class=\"elementor-heading-title elementor-size-default\">Supreme Yacht Invest<\/h1>\t\t\t\t<\/div>\n\t\t\t\t<\/div>\n\t\t\t\t<\/div>\n\t\t\t\t<\/div>\n\t\t<div class=\"elementor-element elementor-element-2e28e2c e-con-full e-flex e-con e-parent\" data-id=\"2e28e2c\" data-element_type=\"container\" data-e-type=\"container\">\n\t\t<div class=\"elementor-element elementor-element-9c3afd2 e-con-full e-flex e-con e-child\" data-id=\"9c3afd2\" data-element_type=\"container\" data-e-type=\"container\">\n\t\t\t\t<div class=\"elementor-element elementor-element-bba21c1 elementor-widget elementor-widget-image\" data-id=\"bba21c1\" data-element_type=\"widget\" data-e-type=\"widget\" data-widget_type=\"image.default\">\n\t\t\t\t<div class=\"elementor-widget-container\">\n\t\t\t\t\t\t\t\t\t\t\t\t\t\t\t<img fetchpriority=\"high\" decoding=\"async\" width=\"683\" height=\"1024\" src=\"https:\/\/www.supremeyachts.hr\/wp-content\/uploads\/2023\/10\/Elan_E6_32-rasz-683x1024.jpg\" class=\"attachment-large size-large wp-image-8773\" alt=\"\" srcset=\"https:\/\/www.supremeyachts.hr\/wp-content\/uploads\/2023\/10\/Elan_E6_32-rasz-683x1024.jpg 683w, https:\/\/www.supremeyachts.hr\/wp-content\/uploads\/2023\/10\/Elan_E6_32-rasz-200x300.jpg 200w, https:\/\/www.supremeyachts.hr\/wp-content\/uploads\/2023\/10\/Elan_E6_32-rasz-768x1152.jpg 768w, https:\/\/www.supremeyachts.hr\/wp-content\/uploads\/2023\/10\/Elan_E6_32-rasz-1024x1536.jpg 1024w, https:\/\/www.supremeyachts.hr\/wp-content\/uploads\/2023\/10\/Elan_E6_32-rasz-1365x2048.jpg 1365w, https:\/\/www.supremeyachts.hr\/wp-content\/uploads\/2023\/10\/Elan_E6_32-rasz-600x900.jpg 600w, https:\/\/www.supremeyachts.hr\/wp-content\/uploads\/2023\/10\/Elan_E6_32-rasz-scaled.jpg 1707w\" sizes=\"(max-width: 683px) 100vw, 683px\" \/>\t\t\t\t\t\t\t\t\t\t\t\t\t\t\t<\/div>\n\t\t\t\t<\/div>\n\t\t\t\t<\/div>\n\t\t<div class=\"elementor-element elementor-element-6793108 e-con-full e-flex e-con e-child\" data-id=\"6793108\" data-element_type=\"container\" data-e-type=\"container\">\n\t\t<div class=\"elementor-element elementor-element-9ce81c8 e-con-full e-flex e-con e-child\" data-id=\"9ce81c8\" data-element_type=\"container\" data-e-type=\"container\">\n\t\t\t\t<div class=\"elementor-element elementor-element-b8cd488 apl-title-lines elementor-widget elementor-widget-heading\" data-id=\"b8cd488\" data-element_type=\"widget\" data-e-type=\"widget\" data-widget_type=\"heading.default\">\n\t\t\t\t<div class=\"elementor-widget-container\">\n\t\t\t\t\t<h2 class=\"elementor-heading-title elementor-size-default\">INVEST<\/h2>\t\t\t\t<\/div>\n\t\t\t\t<\/div>\n\t\t\t\t<\/div>\n\t\t\t\t<div class=\"elementor-element elementor-element-7f4126b elementor-widget elementor-widget-heading\" data-id=\"7f4126b\" data-element_type=\"widget\" data-e-type=\"widget\" data-widget_type=\"heading.default\">\n\t\t\t\t<div class=\"elementor-widget-container\">\n\t\t\t\t\t<h2 class=\"elementor-heading-title elementor-size-default\">Supreme Yacht Invest<\/h2>\t\t\t\t<\/div>\n\t\t\t\t<\/div>\n\t\t\t\t<div class=\"elementor-element elementor-element-9efe8ab elementor-widget elementor-widget-text-editor\" data-id=\"9efe8ab\" data-element_type=\"widget\" data-e-type=\"widget\" data-widget_type=\"text-editor.default\">\n\t\t\t\t<div class=\"elementor-widget-container\">\n\t\t\t\t\t\t\t\t\t<p>Nauti\u010dki turizam je izazovan posao no uz temeljito planiranje, visoko kvalitetnu uslugu i pa\u017eljivo upravljanje osiguravamo uspje\u0161nu investiciju i profit.<\/p>\t\t\t\t\t\t\t\t<\/div>\n\t\t\t\t<\/div>\n\t\t\t\t<div class=\"elementor-element elementor-element-370051a elementor-widget elementor-widget-text-editor\" data-id=\"370051a\" data-element_type=\"widget\" data-e-type=\"widget\" data-widget_type=\"text-editor.default\">\n\t\t\t\t<div class=\"elementor-widget-container\">\n\t\t\t\t\t\t\t\t\t<ul><li>Bez puno novaca<\/li><li>Bez stru\u010dnog znanja<\/li><li>Transparentna izvje\u0161\u0107a o nov\u010danom tijeku sa stalnim uvidom u prihode i tro\u0161kove<\/li><li>Polica osiguranja sa osiguranjem gubitka prihoda od najma<\/li><li>Posebni uvjeti kupnje Va\u0161eg plovila<\/li><li>Jednostavni uvjeti financiranja<\/li><li>Jednostavna prodaja plovila putem na\u0161e podr\u0161ke<\/li><\/ul>\t\t\t\t\t\t\t\t<\/div>\n\t\t\t\t<\/div>\n\t\t\t\t<\/div>\n\t\t\t\t<\/div>\n\t\t<div class=\"elementor-element elementor-element-7626413 e-con-full e-flex e-con e-parent\" data-id=\"7626413\" data-element_type=\"container\" data-e-type=\"container\" data-settings=\"{&quot;background_background&quot;:&quot;classic&quot;}\">\n\t\t<div class=\"elementor-element elementor-element-0d14447 e-con-full e-flex e-con e-child\" data-id=\"0d14447\" data-element_type=\"container\" data-e-type=\"container\" data-settings=\"{&quot;background_background&quot;:&quot;classic&quot;}\">\n\t\t\t\t<div class=\"elementor-element elementor-element-b92ebd8 elementor-widget elementor-widget-heading\" data-id=\"b92ebd8\" data-element_type=\"widget\" data-e-type=\"widget\" data-widget_type=\"heading.default\">\n\t\t\t\t<div class=\"elementor-widget-container\">\n\t\t\t\t\t<h2 class=\"elementor-heading-title elementor-size-default\">Po\u0161aljite upit<\/h2>\t\t\t\t<\/div>\n\t\t\t\t<\/div>\n\t\t\t\t<div class=\"elementor-element elementor-element-1984075 elementor-button-align-stretch elementor-widget elementor-widget-form\" data-id=\"1984075\" data-element_type=\"widget\" data-e-type=\"widget\" data-settings=\"{&quot;step_next_label&quot;:&quot;Next&quot;,&quot;step_previous_label&quot;:&quot;Previous&quot;,&quot;button_width&quot;:&quot;100&quot;,&quot;step_type&quot;:&quot;number_text&quot;,&quot;step_icon_shape&quot;:&quot;circle&quot;}\" data-widget_type=\"form.default\">\n\t\t\t\t<div class=\"elementor-widget-container\">\n\t\t\t\t\t\t\t<form class=\"elementor-form\" method=\"post\" name=\"New Form\" aria-label=\"New Form\">\n\t\t\t<input type=\"hidden\" name=\"post_id\" value=\"8768\"\/>\n\t\t\t<input type=\"hidden\" name=\"form_id\" value=\"1984075\"\/>\n\t\t\t<input type=\"hidden\" name=\"referer_title\" value=\"Supreme Yacht Invest\" \/>\n\n\t\t\t\t\t\t\t<input type=\"hidden\" name=\"queried_id\" value=\"8768\"\/>\n\t\t\t\n\t\t\t<div class=\"elementor-form-fields-wrapper elementor-labels-above\">\n\t\t\t\t\t\t\t\t<div class=\"elementor-field-type-text elementor-field-group elementor-column elementor-field-group-name elementor-col-100 elementor-field-required\">\n\t\t\t\t\t\t\t\t\t\t\t\t<label for=\"form-field-name\" class=\"elementor-field-label\">\n\t\t\t\t\t\t\t\tIME I PREZIME\t\t\t\t\t\t\t<\/label>\n\t\t\t\t\t\t\t\t\t\t\t\t\t\t<input size=\"1\" type=\"text\" name=\"form_fields[name]\" id=\"form-field-name\" class=\"elementor-field elementor-size-sm  elementor-field-textual\" required=\"required\">\n\t\t\t\t\t\t\t\t\t\t\t<\/div>\n\t\t\t\t\t\t\t\t<div class=\"elementor-field-type-text elementor-field-group elementor-column elementor-field-group-field_49a7a14 elementor-col-100 elementor-field-required\">\n\t\t\t\t\t\t\t\t\t\t\t\t<label for=\"form-field-field_49a7a14\" class=\"elementor-field-label\">\n\t\t\t\t\t\t\t\tKONTAKT BROJ\t\t\t\t\t\t\t<\/label>\n\t\t\t\t\t\t\t\t\t\t\t\t\t\t<input size=\"1\" type=\"text\" name=\"form_fields[field_49a7a14]\" id=\"form-field-field_49a7a14\" class=\"elementor-field elementor-size-sm  elementor-field-textual\" required=\"required\">\n\t\t\t\t\t\t\t\t\t\t\t<\/div>\n\t\t\t\t\t\t\t\t<div class=\"elementor-field-type-email elementor-field-group elementor-column elementor-field-group-email elementor-col-100 elementor-field-required\">\n\t\t\t\t\t\t\t\t\t\t\t\t<label for=\"form-field-email\" class=\"elementor-field-label\">\n\t\t\t\t\t\t\t\tE-MAIL ADRESA\t\t\t\t\t\t\t<\/label>\n\t\t\t\t\t\t\t\t\t\t\t\t\t\t<input size=\"1\" type=\"email\" name=\"form_fields[email]\" id=\"form-field-email\" class=\"elementor-field elementor-size-sm  elementor-field-textual\" required=\"required\">\n\t\t\t\t\t\t\t\t\t\t\t<\/div>\n\t\t\t\t\t\t\t\t<div class=\"elementor-field-type-textarea elementor-field-group elementor-column elementor-field-group-message elementor-col-100\">\n\t\t\t\t\t\t\t\t\t\t\t\t<label for=\"form-field-message\" class=\"elementor-field-label\">\n\t\t\t\t\t\t\t\tVA\u0160A PORUKA\t\t\t\t\t\t\t<\/label>\n\t\t\t\t\t\t<textarea class=\"elementor-field-textual elementor-field  elementor-size-sm\" name=\"form_fields[message]\" id=\"form-field-message\" rows=\"4\"><\/textarea>\t\t\t\t<\/div>\n\t\t\t\t\t\t\t\t<div class=\"elementor-field-type-acceptance elementor-field-group elementor-column elementor-field-group-field_ac53a38 elementor-col-100\">\n\t\t\t\t\t\t\t<div class=\"elementor-field-subgroup\">\n\t\t\t<span class=\"elementor-field-option\">\n\t\t\t\t<input type=\"checkbox\" name=\"form_fields[field_ac53a38]\" id=\"form-field-field_ac53a38\" class=\"elementor-field elementor-size-sm  elementor-acceptance-field\">\n\t\t\t\t<label for=\"form-field-field_ac53a38\">Sukladno GDPR-u dajem privolu za prikupljanje mojih podataka u svrhu komunikacije sa Supreme yachts. Vi\u0161e o \u010duvanju Va\u0161ih podataka mo\u017eete pro\u010ditati <a href=\"\/pravilnik-privatnosti\/\";>ovdje.<\/a><\/label>\t\t\t<\/span>\n\t\t<\/div>\n\t\t\t\t\t\t<\/div>\n\t\t\t\t\t\t\t\t<div class=\"elementor-field-type-text\">\n\t\t\t\t\t<input size=\"1\" type=\"text\" name=\"form_fields[field_f12a3ab]\" id=\"form-field-field_f12a3ab\" class=\"elementor-field elementor-size-sm \" style=\"display:none !important;\">\t\t\t\t<\/div>\n\t\t\t\t\t\t\t\t<div class=\"elementor-field-type-recaptcha elementor-field-group elementor-column elementor-field-group-field_4494b87 elementor-col-100\">\n\t\t\t\t\t<div class=\"elementor-field\" id=\"form-field-field_4494b87\"><div class=\"elementor-g-recaptcha\" data-sitekey=\"6LfHvLgoAAAAAFTqbrGMDS4C-txKTO944kt-NEex\" data-type=\"v2_checkbox\" data-theme=\"light\" data-size=\"normal\"><\/div><\/div>\t\t\t\t<\/div>\n\t\t\t\t\t\t\t\t<div class=\"elementor-field-group elementor-column elementor-field-type-submit elementor-col-100 e-form__buttons\">\n\t\t\t\t\t<button class=\"elementor-button elementor-size-sm\" type=\"submit\">\n\t\t\t\t\t\t<span class=\"elementor-button-content-wrapper\">\n\t\t\t\t\t\t\t\t\t\t\t\t\t\t\t\t\t\t\t\t\t\t<span class=\"elementor-button-text\">Po\u0161alji<\/span>\n\t\t\t\t\t\t\t\t\t\t\t\t\t<\/span>\n\t\t\t\t\t<\/button>\n\t\t\t\t<\/div>\n\t\t\t<\/div>\n\t\t<\/form>\n\t\t\t\t\t\t<\/div>\n\t\t\t\t<\/div>\n\t\t\t\t<\/div>\n\t\t\t\t<\/div>\n\t\t\t\t<\/div>\n\t\t","protected":false},"excerpt":{"rendered":"<p>Supreme Yacht Invest INVEST Supreme Yacht Invest Nauti\u010dki turizam je izazovan posao no uz temeljito planiranje, visoko kvalitetnu uslugu i pa\u017eljivo upravljanje osiguravamo uspje\u0161nu investiciju i profit. Bez puno novaca Bez stru\u010dnog znanja Transparentna izvje\u0161\u0107a o nov\u010danom tijeku sa stalnim uvidom u prihode i tro\u0161kove Polica osiguranja sa osiguranjem gubitka prihoda od najma Posebni uvjeti [&hellip;]<\/p>\n","protected":false},"author":1,"featured_media":0,"parent":0,"menu_order":0,"comment_status":"closed","ping_status":"closed","template":"","meta":{"_acf_changed":false,"footnotes":""},"class_list":["post-8768","page","type-page","status-publish","hentry"],"acf":[],"jetpack_sharing_enabled":true,"_links":{"self":[{"href":"https:\/\/www.supremeyachts.hr\/en\/wp-json\/wp\/v2\/pages\/8768","targetHints":{"allow":["GET"]}}],"collection":[{"href":"https:\/\/www.supremeyachts.hr\/en\/wp-json\/wp\/v2\/pages"}],"about":[{"href":"https:\/\/www.supremeyachts.hr\/en\/wp-json\/wp\/v2\/types\/page"}],"author":[{"embeddable":true,"href":"https:\/\/www.supremeyachts.hr\/en\/wp-json\/wp\/v2\/users\/1"}],"replies":[{"embeddable":true,"href":"https:\/\/www.supremeyachts.hr\/en\/wp-json\/wp\/v2\/comments?post=8768"}],"version-history":[{"count":0,"href":"https:\/\/www.supremeyachts.hr\/en\/wp-json\/wp\/v2\/pages\/8768\/revisions"}],"wp:attachment":[{"href":"https:\/\/www.supremeyachts.hr\/en\/wp-json\/wp\/v2\/media?parent=8768"}],"curies":[{"name":"wp","href":"https:\/\/api.w.org\/{rel}","templated":true}]}}