{"id":2142,"date":"2023-10-05T06:18:51","date_gmt":"2023-10-05T06:18:51","guid":{"rendered":"https:\/\/www.supremeyachts.hr\/?post_type=product&#038;p=2142"},"modified":"2023-11-16T19:52:11","modified_gmt":"2023-11-16T18:52:11","slug":"swift-trawler-41-sedan","status":"publish","type":"product","link":"https:\/\/www.supremeyachts.hr\/en\/product\/swift-trawler-41-sedan\/","title":{"rendered":"SWIFT TRAWLER 41 SEDAN"},"content":{"rendered":"<p>The new Swift Trawler 41 Sedan is the first option for getting a fresh start with the 40-foot category of BENETEAU. With 13.30 meters of length and a beam of 4.20 meters, the Swift Trawler 41 Sedan offers the boating experience you are looking for. The Sedan version of Swift Trawler is adaptable and suitable for your taste. It seats up to 8 people in the salon and accommodates up to 7 people during a comfortable stay on board. The new Swift Trawler 41 Sedan is also ready for long escapades, up to 180 nautical miles. Swift Trawler 41 Sedan offers you all of that without losing its comfort and sophisticated design, the BENETEAU trademark.<\/p>","protected":false},"excerpt":{"rendered":"<p>Novi Swift Trawler 41 Sedan prva je opcija za novi po\u010detak s BENETEAU kategorijom od 40 stopa. Sa 13,30 metara duljine i \u0161irinom od 4,20 metara, Swift Trawler 41 Sedan nudi iskustvo plovidbe kakvo tra\u017eite. Sedan verzija Swift Trawlera je prilagodljiva i prikladna za va\u0161 ukus. Mo\u017ee primiti do 8 osoba u salonu i prima [&hellip;]<\/p>\n","protected":false},"featured_media":9874,"comment_status":"open","ping_status":"closed","template":"","meta":{"_acf_changed":false},"product_brand":[],"product_cat":[17,43],"product_tag":[],"brendovi":[],"class_list":{"0":"post-2142","1":"product","2":"type-product","3":"status-publish","4":"has-post-thumbnail","6":"product_cat-beneteau","7":"product_cat-swift-trawler","9":"first","10":"instock","11":"shipping-taxable","12":"purchasable","13":"product-type-simple"},"acf":{"photo_gallery":{"galerija_na_moru":[[],[],[],[],[],[]],"galerija_kabine_i_kupaonica":[[],[]],"galerija_interijera":[[],[],[],[],[],[],[{"id":2144,"title":"2_ST41_Int_NCZ1009_A4.jpg-1832px-dth","caption":"","full_image_url":"https:\/\/www.supremeyachts.hr\/wp-content\/uploads\/2023\/10\/2_ST41_Int_NCZ1009_A4.jpg-1832px-dth.jpg","thumbnail_image_url":"https:\/\/www.supremeyachts.hr\/wp-content\/uploads\/2023\/10\/2_ST41_Int_NCZ1009_A4.jpg-1832px-dth-150x150.jpg","large_srcset":"https:\/\/www.supremeyachts.hr\/wp-content\/uploads\/2023\/10\/2_ST41_Int_NCZ1009_A4.jpg-1832px-dth.jpg 550w, https:\/\/www.supremeyachts.hr\/wp-content\/uploads\/2023\/10\/2_ST41_Int_NCZ1009_A4.jpg-1832px-dth-300x229.jpg 300w","medium_srcset":"https:\/\/www.supremeyachts.hr\/wp-content\/uploads\/2023\/10\/2_ST41_Int_NCZ1009_A4.jpg-1832px-dth-300x229.jpg 300w, https:\/\/www.supremeyachts.hr\/wp-content\/uploads\/2023\/10\/2_ST41_Int_NCZ1009_A4.jpg-1832px-dth.jpg 550w","media_details":{"width":550,"height":420,"sizes":{"medium":{"file":"2_ST41_Int_NCZ1009_A4.jpg-1832px-dth-300x229.jpg","width":300,"height":229,"mime-type":"image\/jpeg","filesize":14527,"source_url":"https:\/\/www.supremeyachts.hr\/wp-content\/uploads\/2023\/10\/2_ST41_Int_NCZ1009_A4.jpg-1832px-dth-300x229.jpg"},"thumbnail":{"file":"2_ST41_Int_NCZ1009_A4.jpg-1832px-dth-150x150.jpg","width":150,"height":150,"mime-type":"image\/jpeg","filesize":6029,"source_url":"https:\/\/www.supremeyachts.hr\/wp-content\/uploads\/2023\/10\/2_ST41_Int_NCZ1009_A4.jpg-1832px-dth-150x150.jpg"},"woocommerce_thumbnail":{"file":"2_ST41_Int_NCZ1009_A4.jpg-1832px-dth-300x300.jpg","width":300,"height":300,"mime-type":"image\/jpeg","filesize":17808,"uncropped":false,"source_url":"https:\/\/www.supremeyachts.hr\/wp-content\/uploads\/2023\/10\/2_ST41_Int_NCZ1009_A4.jpg-1832px-dth-300x300.jpg"},"woocommerce_gallery_thumbnail":{"file":"2_ST41_Int_NCZ1009_A4.jpg-1832px-dth-100x100.jpg","width":100,"height":100,"mime-type":"image\/jpeg","filesize":3364,"source_url":"https:\/\/www.supremeyachts.hr\/wp-content\/uploads\/2023\/10\/2_ST41_Int_NCZ1009_A4.jpg-1832px-dth-100x100.jpg"}}},"alt_text":"","url":"","target":""}],[],[]],"galerija_eksterijera":[[],[],[],[],[],[],[{"id":2144,"title":"2_ST41_Int_NCZ1009_A4.jpg-1832px-dth","caption":"","full_image_url":"https:\/\/www.supremeyachts.hr\/wp-content\/uploads\/2023\/10\/2_ST41_Int_NCZ1009_A4.jpg-1832px-dth.jpg","thumbnail_image_url":"https:\/\/www.supremeyachts.hr\/wp-content\/uploads\/2023\/10\/2_ST41_Int_NCZ1009_A4.jpg-1832px-dth-150x150.jpg","large_srcset":"https:\/\/www.supremeyachts.hr\/wp-content\/uploads\/2023\/10\/2_ST41_Int_NCZ1009_A4.jpg-1832px-dth.jpg 550w, https:\/\/www.supremeyachts.hr\/wp-content\/uploads\/2023\/10\/2_ST41_Int_NCZ1009_A4.jpg-1832px-dth-300x229.jpg 300w","medium_srcset":"https:\/\/www.supremeyachts.hr\/wp-content\/uploads\/2023\/10\/2_ST41_Int_NCZ1009_A4.jpg-1832px-dth-300x229.jpg 300w, https:\/\/www.supremeyachts.hr\/wp-content\/uploads\/2023\/10\/2_ST41_Int_NCZ1009_A4.jpg-1832px-dth.jpg 550w","media_details":{"width":550,"height":420,"sizes":{"medium":{"file":"2_ST41_Int_NCZ1009_A4.jpg-1832px-dth-300x229.jpg","width":300,"height":229,"mime-type":"image\/jpeg","filesize":14527,"source_url":"https:\/\/www.supremeyachts.hr\/wp-content\/uploads\/2023\/10\/2_ST41_Int_NCZ1009_A4.jpg-1832px-dth-300x229.jpg"},"thumbnail":{"file":"2_ST41_Int_NCZ1009_A4.jpg-1832px-dth-150x150.jpg","width":150,"height":150,"mime-type":"image\/jpeg","filesize":6029,"source_url":"https:\/\/www.supremeyachts.hr\/wp-content\/uploads\/2023\/10\/2_ST41_Int_NCZ1009_A4.jpg-1832px-dth-150x150.jpg"},"woocommerce_thumbnail":{"file":"2_ST41_Int_NCZ1009_A4.jpg-1832px-dth-300x300.jpg","width":300,"height":300,"mime-type":"image\/jpeg","filesize":17808,"uncropped":false,"source_url":"https:\/\/www.supremeyachts.hr\/wp-content\/uploads\/2023\/10\/2_ST41_Int_NCZ1009_A4.jpg-1832px-dth-300x300.jpg"},"woocommerce_gallery_thumbnail":{"file":"2_ST41_Int_NCZ1009_A4.jpg-1832px-dth-100x100.jpg","width":100,"height":100,"mime-type":"image\/jpeg","filesize":3364,"source_url":"https:\/\/www.supremeyachts.hr\/wp-content\/uploads\/2023\/10\/2_ST41_Int_NCZ1009_A4.jpg-1832px-dth-100x100.jpg"}}},"alt_text":"","url":"","target":""}],[]],"galerija_plana":[[],[],[],[],[],[],[{"id":2144,"title":"2_ST41_Int_NCZ1009_A4.jpg-1832px-dth","caption":"","full_image_url":"https:\/\/www.supremeyachts.hr\/wp-content\/uploads\/2023\/10\/2_ST41_Int_NCZ1009_A4.jpg-1832px-dth.jpg","thumbnail_image_url":"https:\/\/www.supremeyachts.hr\/wp-content\/uploads\/2023\/10\/2_ST41_Int_NCZ1009_A4.jpg-1832px-dth-150x150.jpg","large_srcset":"https:\/\/www.supremeyachts.hr\/wp-content\/uploads\/2023\/10\/2_ST41_Int_NCZ1009_A4.jpg-1832px-dth.jpg 550w, https:\/\/www.supremeyachts.hr\/wp-content\/uploads\/2023\/10\/2_ST41_Int_NCZ1009_A4.jpg-1832px-dth-300x229.jpg 300w","medium_srcset":"https:\/\/www.supremeyachts.hr\/wp-content\/uploads\/2023\/10\/2_ST41_Int_NCZ1009_A4.jpg-1832px-dth-300x229.jpg 300w, https:\/\/www.supremeyachts.hr\/wp-content\/uploads\/2023\/10\/2_ST41_Int_NCZ1009_A4.jpg-1832px-dth.jpg 550w","media_details":{"width":550,"height":420,"sizes":{"medium":{"file":"2_ST41_Int_NCZ1009_A4.jpg-1832px-dth-300x229.jpg","width":300,"height":229,"mime-type":"image\/jpeg","filesize":14527,"source_url":"https:\/\/www.supremeyachts.hr\/wp-content\/uploads\/2023\/10\/2_ST41_Int_NCZ1009_A4.jpg-1832px-dth-300x229.jpg"},"thumbnail":{"file":"2_ST41_Int_NCZ1009_A4.jpg-1832px-dth-150x150.jpg","width":150,"height":150,"mime-type":"image\/jpeg","filesize":6029,"source_url":"https:\/\/www.supremeyachts.hr\/wp-content\/uploads\/2023\/10\/2_ST41_Int_NCZ1009_A4.jpg-1832px-dth-150x150.jpg"},"woocommerce_thumbnail":{"file":"2_ST41_Int_NCZ1009_A4.jpg-1832px-dth-300x300.jpg","width":300,"height":300,"mime-type":"image\/jpeg","filesize":17808,"uncropped":false,"source_url":"https:\/\/www.supremeyachts.hr\/wp-content\/uploads\/2023\/10\/2_ST41_Int_NCZ1009_A4.jpg-1832px-dth-300x300.jpg"},"woocommerce_gallery_thumbnail":{"file":"2_ST41_Int_NCZ1009_A4.jpg-1832px-dth-100x100.jpg","width":100,"height":100,"mime-type":"image\/jpeg","filesize":3364,"source_url":"https:\/\/www.supremeyachts.hr\/wp-content\/uploads\/2023\/10\/2_ST41_Int_NCZ1009_A4.jpg-1832px-dth-100x100.jpg"}}},"alt_text":"","url":"","target":""}],[],[],[]],"galerija_kabina_i_kupaonica":[[],[],[],[],[],[],[{"id":2144,"title":"2_ST41_Int_NCZ1009_A4.jpg-1832px-dth","caption":"","full_image_url":"https:\/\/www.supremeyachts.hr\/wp-content\/uploads\/2023\/10\/2_ST41_Int_NCZ1009_A4.jpg-1832px-dth.jpg","thumbnail_image_url":"https:\/\/www.supremeyachts.hr\/wp-content\/uploads\/2023\/10\/2_ST41_Int_NCZ1009_A4.jpg-1832px-dth-150x150.jpg","large_srcset":"https:\/\/www.supremeyachts.hr\/wp-content\/uploads\/2023\/10\/2_ST41_Int_NCZ1009_A4.jpg-1832px-dth.jpg 550w, https:\/\/www.supremeyachts.hr\/wp-content\/uploads\/2023\/10\/2_ST41_Int_NCZ1009_A4.jpg-1832px-dth-300x229.jpg 300w","medium_srcset":"https:\/\/www.supremeyachts.hr\/wp-content\/uploads\/2023\/10\/2_ST41_Int_NCZ1009_A4.jpg-1832px-dth-300x229.jpg 300w, https:\/\/www.supremeyachts.hr\/wp-content\/uploads\/2023\/10\/2_ST41_Int_NCZ1009_A4.jpg-1832px-dth.jpg 550w","media_details":{"width":550,"height":420,"sizes":{"medium":{"file":"2_ST41_Int_NCZ1009_A4.jpg-1832px-dth-300x229.jpg","width":300,"height":229,"mime-type":"image\/jpeg","filesize":14527,"source_url":"https:\/\/www.supremeyachts.hr\/wp-content\/uploads\/2023\/10\/2_ST41_Int_NCZ1009_A4.jpg-1832px-dth-300x229.jpg"},"thumbnail":{"file":"2_ST41_Int_NCZ1009_A4.jpg-1832px-dth-150x150.jpg","width":150,"height":150,"mime-type":"image\/jpeg","filesize":6029,"source_url":"https:\/\/www.supremeyachts.hr\/wp-content\/uploads\/2023\/10\/2_ST41_Int_NCZ1009_A4.jpg-1832px-dth-150x150.jpg"},"woocommerce_thumbnail":{"file":"2_ST41_Int_NCZ1009_A4.jpg-1832px-dth-300x300.jpg","width":300,"height":300,"mime-type":"image\/jpeg","filesize":17808,"uncropped":false,"source_url":"https:\/\/www.supremeyachts.hr\/wp-content\/uploads\/2023\/10\/2_ST41_Int_NCZ1009_A4.jpg-1832px-dth-300x300.jpg"},"woocommerce_gallery_thumbnail":{"file":"2_ST41_Int_NCZ1009_A4.jpg-1832px-dth-100x100.jpg","width":100,"height":100,"mime-type":"image\/jpeg","filesize":3364,"source_url":"https:\/\/www.supremeyachts.hr\/wp-content\/uploads\/2023\/10\/2_ST41_Int_NCZ1009_A4.jpg-1832px-dth-100x100.jpg"}}},"alt_text":"","url":"","target":""}]]}},"jetpack_sharing_enabled":true,"_links":{"self":[{"href":"https:\/\/www.supremeyachts.hr\/en\/wp-json\/wp\/v2\/product\/2142","targetHints":{"allow":["GET"]}}],"collection":[{"href":"https:\/\/www.supremeyachts.hr\/en\/wp-json\/wp\/v2\/product"}],"about":[{"href":"https:\/\/www.supremeyachts.hr\/en\/wp-json\/wp\/v2\/types\/product"}],"replies":[{"embeddable":true,"href":"https:\/\/www.supremeyachts.hr\/en\/wp-json\/wp\/v2\/comments?post=2142"}],"wp:featuredmedia":[{"embeddable":true,"href":"https:\/\/www.supremeyachts.hr\/en\/wp-json\/wp\/v2\/media\/9874"}],"wp:attachment":[{"href":"https:\/\/www.supremeyachts.hr\/en\/wp-json\/wp\/v2\/media?parent=2142"}],"wp:term":[{"taxonomy":"product_brand","embeddable":true,"href":"https:\/\/www.supremeyachts.hr\/en\/wp-json\/wp\/v2\/product_brand?post=2142"},{"taxonomy":"product_cat","embeddable":true,"href":"https:\/\/www.supremeyachts.hr\/en\/wp-json\/wp\/v2\/product_cat?post=2142"},{"taxonomy":"product_tag","embeddable":true,"href":"https:\/\/www.supremeyachts.hr\/en\/wp-json\/wp\/v2\/product_tag?post=2142"},{"taxonomy":"brendovi","embeddable":true,"href":"https:\/\/www.supremeyachts.hr\/en\/wp-json\/wp\/v2\/brendovi?post=2142"}],"curies":[{"name":"wp","href":"https:\/\/api.w.org\/{rel}","templated":true}]}}