{"id":2146,"date":"2023-10-05T06:26:10","date_gmt":"2023-10-05T06:26:10","guid":{"rendered":"https:\/\/www.supremeyachts.hr\/?post_type=product&#038;p=2146"},"modified":"2023-11-16T19:47:55","modified_gmt":"2023-11-16T18:47:55","slug":"swift-trawler-41-fly","status":"publish","type":"product","link":"https:\/\/www.supremeyachts.hr\/en\/product\/swift-trawler-41-fly\/","title":{"rendered":"SWIFT TRAWLER 41 FLY"},"content":{"rendered":"<p>Get ready for amazing long-cruise experiences with the Swift Trawler 41 Fly. The new BENETEAU boat is the next boat to join the family together on the 40-foot category and take you up to 180 nautical miles away. At only 13.3 meters of length and with a beam of 4.2 meters, the Fly version of the Swift Trawler 41 is the best option to bring comfort and sophistication to the table. With innovative and clever design, Swift Trawler 41 Fly offers plenty of customization possibilities. This will help to bring all your friends and family closer for a long-cruise experience, up to 8 people seated in the salon and 7 people accommodated in the two cabins and the convertible berth in the salon. The panoramic view from the Fly model is the final touch for those who are looking for an amazing cruise with a spectacular view.<\/p>","protected":false},"excerpt":{"rendered":"<p>Pripremite se za nevjerojatna iskustva dugog krstarenja sa Swift Trawler 41 Fly. Novi BENETEAU brod sljede\u0107i je brod koji \u0107e se pridru\u017eiti obitelji u kategoriji od 40 stopa i odvesti vas do 180 nauti\u010dkih milja. Sa samo 13,3 metra duljine i \u0161irinom od 4,2 metra, Fly verzija Swift Trawler 41 najbolja je opcija za uno\u0161enje [&hellip;]<\/p>\n","protected":false},"featured_media":9873,"comment_status":"open","ping_status":"closed","template":"","meta":{"_acf_changed":false},"product_brand":[],"product_cat":[17,43],"product_tag":[],"brendovi":[],"class_list":{"0":"post-2146","1":"product","2":"type-product","3":"status-publish","4":"has-post-thumbnail","6":"product_cat-beneteau","7":"product_cat-swift-trawler","9":"first","10":"instock","11":"shipping-taxable","12":"purchasable","13":"product-type-simple"},"acf":{"photo_gallery":{"galerija_na_moru":[[],[],[],[],[],[]],"galerija_kabine_i_kupaonica":[[],[]],"galerija_interijera":[[],[],[],[],[],[],[],[],[]],"galerija_eksterijera":[[],[],[],[],[],[],[],[]],"galerija_plana":[[],[],[],[],[],[],[],[],[],[]],"galerija_kabina_i_kupaonica":[[],[],[],[],[],[],[]]}},"jetpack_sharing_enabled":true,"_links":{"self":[{"href":"https:\/\/www.supremeyachts.hr\/en\/wp-json\/wp\/v2\/product\/2146","targetHints":{"allow":["GET"]}}],"collection":[{"href":"https:\/\/www.supremeyachts.hr\/en\/wp-json\/wp\/v2\/product"}],"about":[{"href":"https:\/\/www.supremeyachts.hr\/en\/wp-json\/wp\/v2\/types\/product"}],"replies":[{"embeddable":true,"href":"https:\/\/www.supremeyachts.hr\/en\/wp-json\/wp\/v2\/comments?post=2146"}],"wp:featuredmedia":[{"embeddable":true,"href":"https:\/\/www.supremeyachts.hr\/en\/wp-json\/wp\/v2\/media\/9873"}],"wp:attachment":[{"href":"https:\/\/www.supremeyachts.hr\/en\/wp-json\/wp\/v2\/media?parent=2146"}],"wp:term":[{"taxonomy":"product_brand","embeddable":true,"href":"https:\/\/www.supremeyachts.hr\/en\/wp-json\/wp\/v2\/product_brand?post=2146"},{"taxonomy":"product_cat","embeddable":true,"href":"https:\/\/www.supremeyachts.hr\/en\/wp-json\/wp\/v2\/product_cat?post=2146"},{"taxonomy":"product_tag","embeddable":true,"href":"https:\/\/www.supremeyachts.hr\/en\/wp-json\/wp\/v2\/product_tag?post=2146"},{"taxonomy":"brendovi","embeddable":true,"href":"https:\/\/www.supremeyachts.hr\/en\/wp-json\/wp\/v2\/brendovi?post=2146"}],"curies":[{"name":"wp","href":"https:\/\/api.w.org\/{rel}","templated":true}]}}